{"id":5,"date":"2021-01-05T10:23:33","date_gmt":"2021-01-05T10:23:33","guid":{"rendered":"https:\/\/suntesiklimlendirme.com\/t\/index.php\/mesmerize\/"},"modified":"2025-10-10T08:25:10","modified_gmt":"2025-10-10T08:25:10","slug":"mesmerize","status":"publish","type":"page","link":"https:\/\/www.suntesiklimlendirme.com\/t\/","title":{"rendered":"Anasayfa"},"content":{"rendered":"<div  data-label=\"Features\" data-id=\"features--1\" data-export-id=\"features-16\" data-category=\"features\" class=\"features-16 content-section content-section-spacing\" id=\"features-1\" style=\"background-color: rgb(255, 255, 255); background-image: none;\"><div  class=\"gridContainer\"> <div  class=\"row text-center\"><div  class=\"section-title-col\" data-type=\"column\"> <h2  class=\"\">Suntes \u0130klimlendirme Hizmetlerimiz<\/h2> <p  class=\"lead\">Havaland\u0131rma, Is\u0131tma, So\u011futma ve Yang\u0131n Sistemlerinde M\u00fckemmeliyetin Ad\u0131\n<br >Suntes \u0130klimlendirme, havaland\u0131rma, \u0131s\u0131tma-so\u011futma ve yang\u0131n g\u00fcvenli\u011fi sistemleri \u00fcretimi ve montaj\u0131nda sekt\u00f6rdeki en g\u00fc\u00e7l\u00fc ve g\u00fcvenilir markalardan biri olmay\u0131 ba\u015farm\u0131\u015ft\u0131r. Alan\u0131ndaki uzmanl\u0131\u011f\u0131, yenilik\u00e7i \u00e7\u00f6z\u00fcmleri ve m\u00fc\u015fteri odakl\u0131 yakla\u015f\u0131m\u0131yla firmam\u0131z, t\u00fcm iklimlendirme ihtiya\u00e7lar\u0131na profesyonel ve s\u00fcrd\u00fcr\u00fclebilir \u00e7\u00f6z\u00fcmler sunmaktad\u0131r.<\/p><\/div> <\/div> <div  class=\"row spaced-cols\" data-type=\"row\"> <div  class=\"col-xs-12 col-sm-6 space-bottom col-md-3 \"> <img  decoding=\"async\" class=\"face\" src=\"https:\/\/www.suntesiklimlendirme.com\/t\/wp-content\/uploads\/2025\/09\/cropped-IMG-20250922-WA0014.jpg\" title=\"cropped-IMG-20250922-WA0014.jpg\" alt=\"\"> <div  data-type=\"column\" class=\"col-padding-small col-padding-small-xs description-container\"> <h4  class=\"font-500\">Havaland\u0131rma Sistemleri<\/h4> <p  class=\"\">Havaland\u0131rma sistemleri, i\u00e7 mekanlardaki hava kalitesini iyile\u015ftirmek ve s\u00fcrekli bir taze hava ak\u0131\u015f\u0131 sa\u011flamak amac\u0131yla hayati \u00f6neme sahiptir. Suntes \u0130klimlendirme olarak, hem end\u00fcstriyel hem de ticari binalar i\u00e7in y\u00fcksek verimli havaland\u0131rma \u00e7\u00f6z\u00fcmleri sunuyoruz. Teknolojik altyap\u0131m\u0131z sayesinde, binalar\u0131n havaland\u0131rma ihtiya\u00e7lar\u0131na \u00f6zel, ekonomik ve \u00e7evre dostu \u00e7\u00f6z\u00fcmler geli\u015ftiriyoruz.<br ><br >Y\u00fcksek verimli havaland\u0131rma sistemleri, enerji t\u00fcketimini minimize ederken, i\u00e7 mekan havas\u0131n\u0131n taze ve sa\u011fl\u0131kl\u0131 kalmas\u0131n\u0131 sa\u011flar. Bu sistemler, \u00f6zellikle ofis binalar\u0131, al\u0131\u015fveri\u015f merkezleri ve konutlarda g\u00fcvenli, konforlu bir ya\u015fam alan\u0131 olu\u015fturur.<\/p> <\/div> <\/div>  <div  class=\"col-xs-12 col-sm-6 space-bottom col-md-3\"> <img  decoding=\"async\" class=\"face\" src=\"https:\/\/www.suntesiklimlendirme.com\/t\/wp-content\/uploads\/2025\/09\/cropped-IMG-20250919-WA011xxx5.jpg\" title=\"cropped-IMG-20250919-WA011xxx5.jpg\" alt=\"\"> <div  data-type=\"column\" class=\"col-padding-small col-padding-small-xs description-container\"> <h4  class=\"font-500\">Yang\u0131n Tesisat\u0131<\/h4> <p  class=\"\">Suntes \u0130klimlendirme, sekt\u00f6rdeki t\u00fcm yenilikleri takip eden ve en son teknolojileri kullanan bir m\u00fchendislik firmas\u0131 olarak her projeye \u00f6zel \u00e7\u00f6z\u00fcmler sunmaktad\u0131r. Sistem tasar\u0131m\u0131ndan montaj\u0131na, bak\u0131m ve onar\u0131m hizmetlerinden teknik destek hizmetlerine kadar her a\u015famada m\u00fckemmeliyet anlay\u0131\u015f\u0131n\u0131 benimsemektedir.<br ><br >T\u00fcm projelerimizde kaliteyi \u00f6n planda tutarak, s\u00fcrd\u00fcr\u00fclebilir, enerji verimli ve \u00e7evre dostu \u00e7\u00f6z\u00fcmler geli\u015ftirmeye b\u00fcy\u00fck \u00f6zen g\u00f6steriyoruz. Uzman m\u00fchendis kadromuz, sekt\u00f6rdeki en y\u00fcksek standartlar\u0131 takip etmekte ve projeleri en verimli \u015fekilde tamamlamaktad\u0131r.<\/p> <\/div> <\/div><div  class=\"col-xs-12 col-sm-6 space-bottom col-md-3\"> <img  decoding=\"async\" class=\"face\" src=\"https:\/\/www.suntesiklimlendirme.com\/t\/wp-content\/uploads\/2025\/09\/cropped-IMG-20250922-WA0017.jpg\" title=\"cropped-IMG-20250922-WA0017.jpg\" alt=\"\"> <div  data-type=\"column\" class=\"col-padding-small col-padding-small-xs description-container\"> <h4  class=\"font-500\">So\u011futma (VRF) Klima Sistemleri<\/h4> <p  class=\"\">Yaz aylar\u0131nda so\u011futma ihtiyac\u0131, y\u00fcksek enerji t\u00fcketimi gerektirebilir. Suntes \u0130klimlendirme olarak, enerji verimlili\u011fi y\u00fcksek so\u011futma \u00e7\u00f6z\u00fcmleri sunarak hem \u00e7evre dostu hem de maliyet a\u00e7\u0131s\u0131ndan avantajl\u0131 se\u00e7enekler yarat\u0131yoruz.<\/p> <\/div> <\/div><div  class=\"col-xs-12 col-sm-6 space-bottom col-md-3\"> <img  decoding=\"async\" class=\"face\" src=\"https:\/\/www.suntesiklimlendirme.com\/t\/wp-content\/uploads\/2025\/09\/cropped-IMG-20250922-WA0026.jpg\" title=\"cropped-IMG-20250922-WA0026.jpg\" alt=\"\"> <div  data-type=\"column\" class=\"col-padding-small col-padding-small-xs description-container\"> <h4  class=\"font-500\">Is\u0131tma Sistemleri<\/h4> <p  class=\"\">Hem ticari hem de konut projelerinde, \u0131s\u0131tma verimlili\u011fini artt\u0131rmak ve kullan\u0131c\u0131 konforunu sa\u011flamak i\u00e7in \u00e7e\u015fitli \u00e7\u00f6z\u00fcmler sunuyoruz. Merkezi \u0131s\u0131tma sistemlerinden, yerden \u0131s\u0131tma sistemlerine kadar geni\u015f bir yelpazede hizmet vermekteyiz.<\/p> <\/div> <\/div><\/div> <\/div><\/div><div  id=\"content-13\" style=\"background-color: rgb(255, 255, 255); background-image: none;\" data-label=\"Content\" data-id=\"content-2\" data-export-id=\"content-2\" data-category=\"content\" class=\"content-2 content-section content-section-spacing\"><div  class=\"gridContainer\"> <div  class=\"row middle-xs\"><div  class=\"col-sm-5 bg-image shadow-large-black\" data-bg=\"image\" style=\"background-image: url(&quot;https:\/\/suntesiklimlendirme.com\/t\/wp-content\/uploads\/2021\/01\/cropped-katolog.jpg&quot;);\"><\/div> <div  class=\"col-sm-7 full-col-left-padding full-col-right-padding\"> <div  class=\"row\"> <div  data-type=\"column\" class=\"space-bottom-small content-title-col\">  <h2  class=\"\" style=\"border-bottom-color: rgb(0, 0, 0);\">Suntes \u0130klimlendirme<\/h2> <p  class=\"\">Suntes \u0130klimlendirme, sekt\u00f6rdeki t\u00fcm yenilikleri takip eden ve en son teknolojileri kullanan bir m\u00fchendislik firmas\u0131 olarak her projeye \u00f6zel \u00e7\u00f6z\u00fcmler sunmaktad\u0131r. Sistem tasar\u0131m\u0131ndan montaj\u0131na, bak\u0131m ve onar\u0131m hizmetlerinden teknik destek hizmetlerine kadar her a\u015famada m\u00fckemmeliyet anlay\u0131\u015f\u0131n\u0131 benimsemektedir.<br ><br >T\u00fcm projelerimizde kaliteyi \u00f6n planda tutarak, s\u00fcrd\u00fcr\u00fclebilir, enerji verimli ve \u00e7evre dostu \u00e7\u00f6z\u00fcmler geli\u015ftirmeye b\u00fcy\u00fck \u00f6zen g\u00f6steriyoruz. Uzman m\u00fchendis kadromuz, sekt\u00f6rdeki en y\u00fcksek standartlar\u0131 takip etmekte ve projeleri en verimli \u015fekilde tamamlamaktad\u0131r.\n<br ><br >\u00d6zelle\u015ftirilmi\u015f \u00c7\u00f6z\u00fcmler: Her m\u00fc\u015fterinin ve her projenin ihtiya\u00e7lar\u0131 farkl\u0131d\u0131r. Suntes \u0130klimlendirme olarak, her projenize \u00f6zel tasar\u0131mlar ve sistemler sunarak verimlili\u011fi art\u0131r\u0131yor, enerji maliyetlerini d\u00fc\u015f\u00fcr\u00fcyoruz.<br ><br >Enerji Verimlili\u011fi: T\u00fcm sistemlerimizde enerji verimlili\u011fine b\u00fcy\u00fck \u00f6nem veriyoruz. Hem \u00e7evreye duyarl\u0131 hem de d\u00fc\u015f\u00fck enerji t\u00fcketimi sa\u011flayan \u00e7\u00f6z\u00fcmlerle, i\u015fletme maliyetlerinizi azalt\u0131yoruz.<br ><br >Uzman Kadro: Alan\u0131nda uzman m\u00fchendislik ekibimizle, her proje i\u00e7in y\u00fcksek kaliteli ve g\u00fcvenilir \u00e7\u00f6z\u00fcmler \u00fcretiyoruz.<br ><br >Zaman\u0131nda ve Hedefinde Tamamlama: Projelerimizi belirtilen s\u00fcre ve b\u00fct\u00e7e i\u00e7inde tamamlayarak, m\u00fc\u015fterilerimizin memnuniyetini garanti alt\u0131na al\u0131yoruz.<\/p><\/div> <\/div> <div  class=\"row spaced-cols\" data-type=\"row\"> <div  class=\"col-xs-6\" data-type=\"column\">  <\/div>    <\/div><\/div> <\/div><\/div> <\/div><div  data-label=\"Portfolio\" data-id=\"portfolio--1\" data-export-id=\"portfolio-5\" data-category=\"portfolio\" class=\"portfolio-5 content-section content-section-spacing\" id=\"portfolio-4\" style=\"background-color: rgb(255, 255, 255); background-image: none;\"><div  class=\"gridContainer\"> <div  class=\"row text-center\"><div  class=\"section-title-col\" data-type=\"column\"> <h2  class=\"\" style=\"border-bottom-color: rgb(5, 149, 177);\">T\u00fcm Referanslar\u0131m\u0131z<\/h2> <p  class=\"lead\">Suntes \u0130klimlendirme: Ba\u015far\u0131yla Tamamlanan Projeler ve G\u00fc\u00e7l\u00fc Referanslar<\/p><\/div> <\/div> <div  class=\"row space-bottom spaced-cols content-center-sm\" data-type=\"row\"> <div  class=\"col-xs-12 col-sm-4 text-center col-md-3 \"> <div  class=\"card no-padding bordered\"> <div  data-hover-fx=\"portfolio-6\" class=\"contentswap-effect\"> <div  class=\"initial-image\"> <img  decoding=\"async\" data-size=\"500x333\" src=\"https:\/\/suntesiklimlendirme.com\/t\/wp-content\/uploads\/2021\/01\/cropped-Decorinn-1-300x225-1.jpg\"><\/div> <div  class=\"overlay bg-color6\"><\/div> <div  class=\"swap-inner col-xs-12\"> <div  class=\"row full-height-row middle-xs middle-sm\"> <div  class=\"col-xs-12 text-center content-holder\"> <a  class=\"button small color2\" href=\"https:\/\/www.suntesiklimlendirme.com\/t\/referanslar\" target=\"_self\" data-cp-link=\"1\" rel=\"noopener\">\u0130ncele<\/a><\/div> <\/div><\/div> <\/div> <div  class=\"col-xs-12\"> <div  class=\"space-bottom space-top\" data-type=\"column\"> <h5  class=\"\">Decorinn<\/h5> <\/div> <\/div><\/div> <\/div> <div  class=\"col-xs-12 col-sm-4 text-center col-md-3 \"> <div  class=\"card no-padding bordered\"> <div  data-hover-fx=\"portfolio-6\" class=\"contentswap-effect\"> <div  class=\"initial-image\"> <img  decoding=\"async\" data-size=\"500x333\" src=\"https:\/\/suntesiklimlendirme.com\/t\/wp-content\/uploads\/2021\/01\/cropped-Ceylan-Otel.jpg\"><\/div> <div  class=\"overlay bg-color6\"><\/div> <div  class=\"swap-inner col-xs-12\"> <div  class=\"row full-height-row middle-xs middle-sm\"> <div  class=\"col-xs-12 text-center content-holder\"> <a  class=\"button small color2\" href=\"https:\/\/www.suntesiklimlendirme.com\/t\/referanslar\" target=\"_self\" data-cp-link=\"1\" rel=\"noopener\">\u0130ncele<\/a><\/div> <\/div><\/div> <\/div> <div  class=\"col-xs-12\"> <div  class=\"space-bottom space-top\" data-type=\"column\"> <h5  class=\"\">Ceylan Otel<\/h5> <\/div> <\/div><\/div> <\/div> <div  class=\"col-xs-12 col-sm-4 text-center col-md-3 \"> <div  class=\"card no-padding bordered\"> <div  data-hover-fx=\"portfolio-6\" class=\"contentswap-effect\"> <div  class=\"initial-image\"> <img  decoding=\"async\" data-size=\"500x333\" src=\"https:\/\/suntesiklimlendirme.com\/t\/wp-content\/uploads\/2021\/01\/cropped-Confetti.jpg\"><\/div> <div  class=\"overlay bg-color6\"><\/div> <div  class=\"swap-inner col-xs-12\"> <div  class=\"row full-height-row middle-xs middle-sm\"> <div  class=\"col-xs-12 text-center content-holder\"> <a  class=\"button small color2\" href=\"https:\/\/www.suntesiklimlendirme.com\/t\/referanslar\" target=\"_self\" data-cp-link=\"1\" rel=\"noopener\">\u0130ncele<\/a><\/div> <\/div><\/div> <\/div> <div  class=\"col-xs-12\"> <div  class=\"space-bottom space-top\" data-type=\"column\"> <h5  class=\"\">Confetti<\/h5> <\/div> <\/div><\/div> <\/div><div  class=\"col-xs-12 col-sm-4 text-center col-md-3 \"> <div  class=\"card no-padding bordered\"> <div  data-hover-fx=\"portfolio-6\" class=\"contentswap-effect\"> <div  class=\"initial-image\"> <img  decoding=\"async\" data-size=\"500x333\" src=\"https:\/\/suntesiklimlendirme.com\/t\/wp-content\/uploads\/2021\/01\/cropped-Akcaburgaz-Sosyal-Tesisleri-2.jpg\"><\/div> <div  class=\"overlay bg-color6\"><\/div> <div  class=\"swap-inner col-xs-12\"> <div  class=\"row full-height-row middle-xs middle-sm\"> <div  class=\"col-xs-12 text-center content-holder\"> <a  class=\"button small color2\" href=\"https:\/\/www.suntesiklimlendirme.com\/t\/referanslar\" target=\"_self\" data-cp-link=\"1\" rel=\"noopener\">\u0130ncele<\/a><\/div> <\/div><\/div> <\/div> <div  class=\"col-xs-12\"> <div  class=\"space-bottom space-top\" data-type=\"column\"> <h5  class=\"\">Ak\u00e7aburgaz Sosyal Tesisleri 2<\/h5> <\/div> <\/div><\/div> <\/div><div  class=\"col-xs-12 col-sm-4 text-center col-md-3 \"> <div  class=\"card no-padding bordered\"> <div  data-hover-fx=\"portfolio-6\" class=\"contentswap-effect\"> <div  class=\"initial-image\"> <img  decoding=\"async\" data-size=\"500x333\" src=\"https:\/\/suntesiklimlendirme.com\/t\/wp-content\/uploads\/2021\/01\/cropped-Devlet-Hastanesi-Tatvan.jpg\"><\/div> <div  class=\"overlay bg-color6\"><\/div> <div  class=\"swap-inner col-xs-12\"> <div  class=\"row full-height-row middle-xs middle-sm\"> <div  class=\"col-xs-12 text-center content-holder\"> <a  class=\"button small color2\" href=\"https:\/\/www.suntesiklimlendirme.com\/t\/referanslar\" target=\"_self\" data-cp-link=\"1\" rel=\"noopener\">\u0130ncele<\/a><\/div> <\/div><\/div> <\/div> <div  class=\"col-xs-12\"> <div  class=\"space-bottom space-top\" data-type=\"column\"> <h5  class=\"\">Devlet Hastanesi Tatvan<\/h5> <\/div> <\/div><\/div> <\/div><div  class=\"col-xs-12 col-sm-4 text-center col-md-3 \"> <div  class=\"card no-padding bordered\"> <div  data-hover-fx=\"portfolio-6\" class=\"contentswap-effect\"> <div  class=\"initial-image\"> <img  decoding=\"async\" data-size=\"500x333\" src=\"https:\/\/suntesiklimlendirme.com\/t\/wp-content\/uploads\/2021\/01\/cropped-Gedizler-Mersin.jpg\"><\/div> <div  class=\"overlay bg-color6\"><\/div> <div  class=\"swap-inner col-xs-12\"> <div  class=\"row full-height-row middle-xs middle-sm\"> <div  class=\"col-xs-12 text-center content-holder\"> <a  class=\"button small color2\" href=\"https:\/\/www.suntesiklimlendirme.com\/t\/referanslar\" target=\"_self\" data-cp-link=\"1\" rel=\"noopener\">\u0130ncele<\/a><\/div> <\/div><\/div> <\/div> <div  class=\"col-xs-12\"> <div  class=\"space-bottom space-top\" data-type=\"column\"> <h5  class=\"\">Gedizler Mersin<\/h5> <\/div> <\/div><\/div> <\/div><div  class=\"col-xs-12 col-sm-4 text-center col-md-3 \"> <div  class=\"card no-padding bordered\"> <div  data-hover-fx=\"portfolio-6\" class=\"contentswap-effect\"> <div  class=\"initial-image\"> <img  decoding=\"async\" data-size=\"500x333\" src=\"https:\/\/suntesiklimlendirme.com\/t\/wp-content\/uploads\/2021\/01\/cropped-Omur-Plaza.jpg\"><\/div> <div  class=\"overlay bg-color6\"><\/div> <div  class=\"swap-inner col-xs-12\"> <div  class=\"row full-height-row middle-xs middle-sm\"> <div  class=\"col-xs-12 text-center content-holder\"> <a  class=\"button small color2\" href=\"https:\/\/www.suntesiklimlendirme.com\/t\/referanslar\" target=\"_self\" data-cp-link=\"1\" rel=\"noopener\">\u0130ncele<\/a><\/div> <\/div><\/div> <\/div> <div  class=\"col-xs-12\"> <div  class=\"space-bottom space-top\" data-type=\"column\"> <h5  class=\"\">\u00d6m\u00fcr Plaza<\/h5> <\/div> <\/div><\/div> <\/div><div  class=\"col-xs-12 col-sm-4 text-center col-md-3 \"> <div  class=\"card no-padding bordered\"> <div  data-hover-fx=\"portfolio-6\" class=\"contentswap-effect\"> <div  class=\"initial-image\"> <img  decoding=\"async\" data-size=\"500x333\" src=\"https:\/\/suntesiklimlendirme.com\/t\/wp-content\/uploads\/2021\/01\/cropped-ILKEVIN.jpg\"><\/div> <div  class=\"overlay bg-color6\"><\/div> <div  class=\"swap-inner col-xs-12\"> <div  class=\"row full-height-row middle-xs middle-sm\"> <div  class=\"col-xs-12 text-center content-holder\"> <a  class=\"button small color2\" href=\"https:\/\/www.suntesiklimlendirme.com\/t\/referanslar\" target=\"_self\" data-cp-link=\"1\" rel=\"noopener\">\u0130ncele<\/a><\/div> <\/div><\/div> <\/div> <div  class=\"col-xs-12\"> <div  class=\"space-bottom space-top\" data-type=\"column\"> <h5  class=\"\">\u0130lkevin<\/h5> <\/div> <\/div><\/div> <\/div><\/div> <div  class=\"row\"><div  data-type=\"column\" class=\"col-xs-12 text-center\"> <a  class=\"button color2 y-move\" href=\"https:\/\/www.suntesiklimlendirme.com\/t\/referanslar\" target=\"_self\" data-cp-link=\"1\" rel=\"noopener\">T\u00fcm Referanslar\u0131m\u0131z<\/a><\/div> <\/div><\/div> <\/div>","protected":false},"excerpt":{"rendered":"<p>Suntes \u0130klimlendirme Hizmetlerimiz Havaland\u0131rma, Is\u0131tma, So\u011futma ve Yang\u0131n Sistemlerinde M\u00fckemmeliyetin Ad\u0131 Suntes \u0130klimlendirme, havaland\u0131rma, \u0131s\u0131tma-so\u011futma ve yang\u0131n g\u00fcvenli\u011fi sistemleri \u00fcretimi ve montaj\u0131nda sekt\u00f6rdeki en g\u00fc\u00e7l\u00fc ve g\u00fcvenilir markalardan biri olmay\u0131 ba\u015farm\u0131\u015ft\u0131r. Alan\u0131ndaki uzmanl\u0131\u011f\u0131, yenilik\u00e7i \u00e7\u00f6z\u00fcmleri ve m\u00fc\u015fteri odakl\u0131 yakla\u015f\u0131m\u0131yla firmam\u0131z, t\u00fcm iklimlendirme ihtiya\u00e7lar\u0131na profesyonel ve s\u00fcrd\u00fcr\u00fclebilir \u00e7\u00f6z\u00fcmler sunmaktad\u0131r. Havaland\u0131rma Sistemleri Havaland\u0131rma sistemleri, i\u00e7 mekanlardaki hava&hellip; <br \/> <a class=\"read-more\" href=\"https:\/\/www.suntesiklimlendirme.com\/t\/\">Devam\u0131<\/a><\/p>\n","protected":false},"author":1,"featured_media":0,"parent":0,"menu_order":0,"comment_status":"closed","ping_status":"closed","template":"page-templates\/homepage.php","meta":{"footnotes":""},"class_list":["post-5","page","type-page","status-publish","hentry"],"aioseo_notices":[],"_links":{"self":[{"href":"https:\/\/www.suntesiklimlendirme.com\/t\/wp-json\/wp\/v2\/pages\/5","targetHints":{"allow":["GET"]}}],"collection":[{"href":"https:\/\/www.suntesiklimlendirme.com\/t\/wp-json\/wp\/v2\/pages"}],"about":[{"href":"https:\/\/www.suntesiklimlendirme.com\/t\/wp-json\/wp\/v2\/types\/page"}],"author":[{"embeddable":true,"href":"https:\/\/www.suntesiklimlendirme.com\/t\/wp-json\/wp\/v2\/users\/1"}],"replies":[{"embeddable":true,"href":"https:\/\/www.suntesiklimlendirme.com\/t\/wp-json\/wp\/v2\/comments?post=5"}],"version-history":[{"count":39,"href":"https:\/\/www.suntesiklimlendirme.com\/t\/wp-json\/wp\/v2\/pages\/5\/revisions"}],"predecessor-version":[{"id":350,"href":"https:\/\/www.suntesiklimlendirme.com\/t\/wp-json\/wp\/v2\/pages\/5\/revisions\/350"}],"wp:attachment":[{"href":"https:\/\/www.suntesiklimlendirme.com\/t\/wp-json\/wp\/v2\/media?parent=5"}],"curies":[{"name":"wp","href":"https:\/\/api.w.org\/{rel}","templated":true}]}}