{"id":62,"date":"2021-01-05T19:37:34","date_gmt":"2021-01-05T19:37:34","guid":{"rendered":"https:\/\/suntesiklimlendirme.com\/t\/?page_id=62"},"modified":"2025-09-22T08:47:04","modified_gmt":"2025-09-22T08:47:04","slug":"hakkimizda","status":"publish","type":"page","link":"https:\/\/www.suntesiklimlendirme.com\/t\/hakkimizda","title":{"rendered":"HAKKIMIZDA"},"content":{"rendered":"\r\n<p>1986 y\u0131l\u0131nda <strong><em>\u0131s\u0131tma <\/em><\/strong>,<strong><em>so\u011futma <\/em><\/strong>ve <strong><em>havaland\u0131rma <\/em><\/strong>sekt\u00f6r\u00fcnde i\u015f hayat\u0131na ba\u015flayarak ilk firmam\u0131za 1994 y\u0131l\u0131nda TEM Teknoloji <strong><em>M\u00fchendislik <\/em><\/strong>A.\u015e. ad\u0131 alt\u0131nda kurduk. 1999 y\u0131l\u0131nda TEM A.\u015e.\u2019yi tasviye ederek yerine; <strong><em>SUNTES MEKAN\u0130K M\u00dcHEND\u0130SL\u0130K<\/em><\/strong> \u0130N\u015e.TAAH.SAN. VE DI\u015e T\u0130C.LTD.\u015e.T.\u0130 \u00fcnvan\u0131 ad\u0131 alt\u0131nda i\u015f hayat\u0131m\u0131za devam etmekteyiz. Bu sekt\u00f6rde <strong><em>mekanik havaland\u0131rma<\/em><\/strong> \u00fczerine m\u00fchendislik ve m\u00fcteahhitlik hizmeti vererek kurumsalla\u015fman\u0131n sorumlulu\u011funu ta\u015f\u0131maktay\u0131z. Firmam\u0131z <strong><em>kamu <\/em><\/strong>ve \u00f6zel sekt\u00f6r <strong><em>kurulu\u015flar\u0131n\u0131n \u0131s\u0131tma,so\u011futma,havaland\u0131rma<\/em><\/strong> ve <strong><em>yang\u0131n tesisat\u0131<\/em><\/strong> alanlar\u0131nda taleplerine cevap vermektedir.<\/p>\r\n\r\n\r\n\r\n<p>Bu y\u00fczy\u0131l\u0131n ger\u00e7eklerine uygun olarak yenilik\u00e7i,deneyimli ve dinamik yap\u0131s\u0131 ile d\u00fczenli koordinasyon anlay\u0131\u015f\u0131 ve m\u00fc\u015fteri memnuniyeti odakl\u0131 \u00e7al\u0131\u015fmay\u0131 ilke edinmi\u015ftir.<\/p>\r\n<h4 data-start=\"4483\" data-end=\"4525\"><strong data-start=\"4488\" data-end=\"4525\">Sizin \u0130\u00e7in En \u0130yi \u00c7\u00f6z\u00fcmler<\/strong><\/h4>\r\n<p data-start=\"4527\" data-end=\"4874\">Suntes \u0130klimlendirme olarak, sekt\u00f6r\u00fcn en ileri teknolojileriyle donat\u0131lm\u0131\u015f havaland\u0131rma, \u0131s\u0131tma-so\u011futma ve yang\u0131n g\u00fcvenli\u011fi sistemlerini sunarak, konforlu, g\u00fcvenli ve enerji verimli ya\u015fam alanlar\u0131 yaratmay\u0131 hedefliyoruz. M\u00fchendislik alan\u0131ndaki tecr\u00fcbemiz, her t\u00fcrl\u00fc iklimlendirme ihtiyac\u0131n\u0131z i\u00e7in en profesyonel \u00e7\u00f6z\u00fcmleri sunmam\u0131za olanak tan\u0131yor.<\/p>\r\n<p data-start=\"4876\" data-end=\"5003\">Her projede m\u00fc\u015fteri memnuniyetini en \u00fcst d\u00fczeyde tutarak, g\u00fcvenli, s\u00fcrd\u00fcr\u00fclebilir ve yenilik\u00e7i \u00e7\u00f6z\u00fcmler sunmaya devam ediyoruz.<\/p>\r\n","protected":false},"excerpt":{"rendered":"<p>1986 y\u0131l\u0131nda \u0131s\u0131tma ,so\u011futma ve havaland\u0131rma sekt\u00f6r\u00fcnde i\u015f hayat\u0131na ba\u015flayarak ilk firmam\u0131za 1994 y\u0131l\u0131nda TEM Teknoloji M\u00fchendislik A.\u015e. ad\u0131 alt\u0131nda kurduk. 1999 y\u0131l\u0131nda TEM A.\u015e.\u2019yi tasviye ederek yerine; SUNTES MEKAN\u0130K M\u00dcHEND\u0130SL\u0130K \u0130N\u015e.TAAH.SAN. VE DI\u015e T\u0130C.LTD.\u015e.T.\u0130 \u00fcnvan\u0131 ad\u0131 alt\u0131nda i\u015f hayat\u0131m\u0131za devam etmekteyiz. Bu sekt\u00f6rde mekanik havaland\u0131rma \u00fczerine m\u00fchendislik ve m\u00fcteahhitlik hizmeti vererek kurumsalla\u015fman\u0131n sorumlulu\u011funu ta\u015f\u0131maktay\u0131z.&hellip; <br \/> <a class=\"read-more\" href=\"https:\/\/www.suntesiklimlendirme.com\/t\/hakkimizda\">Devam\u0131<\/a><\/p>\n","protected":false},"author":1,"featured_media":0,"parent":0,"menu_order":0,"comment_status":"closed","ping_status":"open","template":"","meta":{"footnotes":""},"class_list":["post-62","page","type-page","status-publish","hentry"],"aioseo_notices":[],"_links":{"self":[{"href":"https:\/\/www.suntesiklimlendirme.com\/t\/wp-json\/wp\/v2\/pages\/62","targetHints":{"allow":["GET"]}}],"collection":[{"href":"https:\/\/www.suntesiklimlendirme.com\/t\/wp-json\/wp\/v2\/pages"}],"about":[{"href":"https:\/\/www.suntesiklimlendirme.com\/t\/wp-json\/wp\/v2\/types\/page"}],"author":[{"embeddable":true,"href":"https:\/\/www.suntesiklimlendirme.com\/t\/wp-json\/wp\/v2\/users\/1"}],"replies":[{"embeddable":true,"href":"https:\/\/www.suntesiklimlendirme.com\/t\/wp-json\/wp\/v2\/comments?post=62"}],"version-history":[{"count":4,"href":"https:\/\/www.suntesiklimlendirme.com\/t\/wp-json\/wp\/v2\/pages\/62\/revisions"}],"predecessor-version":[{"id":222,"href":"https:\/\/www.suntesiklimlendirme.com\/t\/wp-json\/wp\/v2\/pages\/62\/revisions\/222"}],"wp:attachment":[{"href":"https:\/\/www.suntesiklimlendirme.com\/t\/wp-json\/wp\/v2\/media?parent=62"}],"curies":[{"name":"wp","href":"https:\/\/api.w.org\/{rel}","templated":true}]}}