{"id":81,"date":"2021-01-05T20:44:33","date_gmt":"2021-01-05T20:44:33","guid":{"rendered":"https:\/\/suntesiklimlendirme.com\/t\/?page_id=81"},"modified":"2022-08-10T09:05:55","modified_gmt":"2022-08-10T09:05:55","slug":"referanslar","status":"publish","type":"page","link":"https:\/\/www.suntesiklimlendirme.com\/t\/referanslar","title":{"rendered":"REFERANSLAR"},"content":{"rendered":"\n<figure id=\"tablepress-1\" class=\"wp-block-table\"><table><thead><tr><th>PROJE ADI<\/th><th>YER<\/th><\/tr><\/thead><tbody><tr><td>Polat Hotel<\/td><td>Ye\u015filk\u00f6y<\/td><\/tr><tr><td>Pol Center<\/td><td>Levent<\/td><\/tr><tr><td>Omta\u015f<\/td><td>Gebze<\/td><\/tr><tr><td>Ceylan Continental<\/td><td>Taksim<\/td><\/tr><tr><td>Migros<\/td><td>Avc\u0131lar<\/td><\/tr><tr><td>Migros<\/td><td>S\u00fcreyyapa\u015fa<\/td><\/tr><tr><td>Migros<\/td><td>Galeria<\/td><\/tr><tr><td>Atrium AVM Migros<\/td><td>Atak\u00f6y<\/td><\/tr><tr><td>Sunflower AVM<\/td><td>Bah\u00e7e\u015fehir<\/td><\/tr><tr><td>Outland AVM<\/td><td>Bah\u00e7e\u015fehir<\/td><\/tr><tr><td>Polonez Sucuk<\/td><td>\u00c7atalca<\/td><\/tr><tr><td>\u00d6m\u00fcr Plaza<\/td><td>Bak\u0131rk\u00f6y<\/td><\/tr><tr><td>Opel Gedizler<\/td><td>Mersin<\/td><\/tr><tr><td>Opel Gedizler<\/td><td>\u00c7ekmek\u00f6y<\/td><\/tr><tr><td>Toyota Plaza Sonkar<\/td><td>Avc\u0131lar<\/td><\/tr><tr><td>Akkon \u0130plik<\/td><td>\u0130kitelli<\/td><\/tr><tr><td>Saray Hotel<\/td><td>Antalya<\/td><\/tr><tr><td>DHL<\/td><td>K\u0131ra\u00e7<\/td><\/tr><tr><td>OSOSO Ped \u015ei\u015fe Fabrikas\u0131<\/td><td>Nijerya<\/td><\/tr><tr><td>OSOSO Cola Fabrikas\u0131<\/td><td>Nijerya<\/td><\/tr><tr><td>Devlet Hastahanesi<\/td><td>Sivas<\/td><\/tr><tr><td>Devlet Hastahanesi<\/td><td>Tatvan<\/td><\/tr><tr><td>Tam Plastik<\/td><td>K\u0131ra\u00e7<\/td><\/tr><tr><td>Ekol Taban<\/td><td>K\u0131ra\u00e7<\/td><\/tr><tr><td>\u0130nan Plastik Sanayi<\/td><td>K\u0131ra\u00e7<\/td><\/tr><tr><td>Sunpalast<\/td><td>Esenyurt<\/td><\/tr><tr><td>Akay Plastik<\/td><td>K\u0131ra\u00e7<\/td><\/tr><tr><td>Prestigemall AVM<\/td><td>Bah\u00e7e\u015fehir<\/td><\/tr><\/tbody><\/table><\/figure>\n","protected":false},"excerpt":{"rendered":"<p>PROJE ADI YER Polat Hotel Ye\u015filk\u00f6y Pol Center Levent Omta\u015f Gebze Ceylan Continental Taksim Migros Avc\u0131lar Migros S\u00fcreyyapa\u015fa Migros Galeria Atrium AVM Migros Atak\u00f6y Sunflower AVM Bah\u00e7e\u015fehir Outland AVM Bah\u00e7e\u015fehir Polonez Sucuk \u00c7atalca \u00d6m\u00fcr Plaza Bak\u0131rk\u00f6y Opel Gedizler Mersin Opel Gedizler \u00c7ekmek\u00f6y Toyota Plaza Sonkar Avc\u0131lar Akkon \u0130plik \u0130kitelli Saray Hotel Antalya DHL K\u0131ra\u00e7 OSOSO&hellip; <br \/> <a class=\"read-more\" href=\"https:\/\/www.suntesiklimlendirme.com\/t\/referanslar\">Devam\u0131<\/a><\/p>\n","protected":false},"author":1,"featured_media":0,"parent":0,"menu_order":0,"comment_status":"closed","ping_status":"open","template":"","meta":{"footnotes":""},"class_list":["post-81","page","type-page","status-publish","hentry"],"aioseo_notices":[],"_links":{"self":[{"href":"https:\/\/www.suntesiklimlendirme.com\/t\/wp-json\/wp\/v2\/pages\/81","targetHints":{"allow":["GET"]}}],"collection":[{"href":"https:\/\/www.suntesiklimlendirme.com\/t\/wp-json\/wp\/v2\/pages"}],"about":[{"href":"https:\/\/www.suntesiklimlendirme.com\/t\/wp-json\/wp\/v2\/types\/page"}],"author":[{"embeddable":true,"href":"https:\/\/www.suntesiklimlendirme.com\/t\/wp-json\/wp\/v2\/users\/1"}],"replies":[{"embeddable":true,"href":"https:\/\/www.suntesiklimlendirme.com\/t\/wp-json\/wp\/v2\/comments?post=81"}],"version-history":[{"count":3,"href":"https:\/\/www.suntesiklimlendirme.com\/t\/wp-json\/wp\/v2\/pages\/81\/revisions"}],"predecessor-version":[{"id":368,"href":"https:\/\/www.suntesiklimlendirme.com\/t\/wp-json\/wp\/v2\/pages\/81\/revisions\/368"}],"wp:attachment":[{"href":"https:\/\/www.suntesiklimlendirme.com\/t\/wp-json\/wp\/v2\/media?parent=81"}],"curies":[{"name":"wp","href":"https:\/\/api.w.org\/{rel}","templated":true}]}}